{"id":3684,"date":"2025-07-24T14:31:43","date_gmt":"2025-07-24T14:31:43","guid":{"rendered":"https:\/\/iptvportugal.fun\/?post_type=product&#038;p=3684"},"modified":"2025-07-31T10:29:59","modified_gmt":"2025-07-31T10:29:59","slug":"iptv-portugal-3-meses","status":"publish","type":"product","link":"https:\/\/iptvportugal.fun\/iptv\/product\/iptv-portugal-3-meses\/","title":{"rendered":"Subscri\u00e7\u00e3o de IPTV de 3 meses"},"content":{"rendered":"<p>Ol\u00e1, f\u00e3s de entretenimento! Preparem-se para aproveitar uma oferta por tempo limitado numa subscri\u00e7\u00e3o de <a href=\"https:\/\/iptvportugal.fun\/\">IPTV<\/a> de 3 meses que ir\u00e1 melhorar a vossa experi\u00eancia de ver TV. Aproveite esta fant\u00e1stica oferta para ter uma sele\u00e7\u00e3o de canais e programa\u00e7\u00e3o on-demand entregues diretamente \u00e0 sua porta durante um m\u00eas inteiro. Esta subscri\u00e7\u00e3o vai ao encontro do seu gosto por filmes, programas de TV, desporto e conte\u00fado internacional. Aproveite a oportunidade de melhorar e elevar a sua experi\u00eancia de entretenimento! Desfrute da melhor experi\u00eancia de <a href=\"https:\/\/iptvportugal.fun\/\">IPTV em Portugal<\/a> com canais premium na<strong> iptvportugal tech<\/strong>. IPTV Portugal 3 meses oferece entretenimento cont\u00ednuo com canais premium e filmes on-demand.<\/p>\n<h2>Uma vis\u00e3o geral de uma subscri\u00e7\u00e3o de IPTV de 3 meses<\/h2>\n<p>Deseja uma experi\u00eancia de entretenimento completa? Desporto e entretenimento est\u00e3o entre os muitos canais dispon\u00edveis na nossa subscri\u00e7\u00e3o de IPTV de tr\u00eas meses, que serve um p\u00fablico alargado. Para horas de divers\u00e3o, veja uma variedade de programas de televis\u00e3o famosos, document\u00e1rios e programas de estilo de vida.<\/p>\n<p>Desfrute de <a href=\"https:\/\/pt.wikipedia.org\/wiki\/Entretenimento\">entretenimento<\/a> sem interrup\u00e7\u00f5es com um streaming excelente e ininterrupto. Cria-se uma sensa\u00e7\u00e3o de frescura ao assistir constantemente a conte\u00fado original e novo, como uma noite maravilhosa de cinema todos os dias. Aproveite esta oportunidade \u00fanica de assistir a entretenimento de primeira qualidade antes que esgote!<\/p>\n<h2>Explore uma vasta gama de canais.<\/h2>\n<p>Por uma \u00fanica mensalidade, a <strong>IPTV<\/strong> oferece uma grande sele\u00e7\u00e3o de programas de TV, filmes, eventos desportivos em PPV e transmiss\u00f5es em direto. \u00c9 uma op\u00e7\u00e3o de entretenimento conveniente e acess\u00edvel. Selecione um fornecedor de servi\u00e7os de <strong>IPTV<\/strong> que ofere\u00e7a m\u00e9todos de pagamento seguros e pol\u00edticas de devolu\u00e7\u00e3o flex\u00edveis. Ao criar uma conta de e-mail an\u00f3nima, os utilizadores podem impedir que os fornecedores de servi\u00e7os de subscri\u00e7\u00e3o divulguem informa\u00e7\u00f5es pessoais.<\/p>\n<p>O EPG (Guia Electr\u00f3nico de Programa\u00e7\u00e3o) da <a href=\"https:\/\/iptvportugal.fun\/\">IPTV Portugal<\/a> oferece um resumo \u00fatil dos pr\u00f3ximos programas e actividades. Pode utilizar as suas aplica\u00e7\u00f5es favoritas quando e onde quiser, gra\u00e7as \u00e0 interoperabilidade entre dispositivos que muitos fornecedores oferecem gratuitamente. Descubra a liberdade de assistir o que quiser com o plano IPTV Portugal 3 meses.<\/p>\n<p>A iptvportugal tech oferece uma grande variedade de canais, incluindo document\u00e1rios, desporto e s\u00e9ries internacionais. A Shop, um popular fornecedor de servi\u00e7os de IPTV, atualiza regularmente os seus servidores com tecnologia anticongelamento para garantir um streaming sem buffer. Para quem quiser experimentar, a empresa disponibiliza ainda um teste gratuito. Procura a <a href=\"https:\/\/iptvportugal.fun\/\">melhor IPTV Portugal<\/a>? A iptvportugal tech oferece qualidade 4K e estabilidade incompar\u00e1vel.<\/p>\n<h3>Tr\u00eas meses de subscri\u00e7\u00e3o de IPTV para aceder a servi\u00e7os de streaming<\/h3>\n<p>A <strong>IPTV<\/strong> oferece acesso ilimitado a uma vasta gama de canais e conte\u00fados on-demand durante um m\u00eas inteiro, incluindo programa\u00e7\u00e3o internacional, eventos desportivos, s\u00e9ries de TV e filmes. Al\u00e9m disso, posso divertir-me sempre que quiser, gra\u00e7as \u00e0 assist\u00eancia de v\u00e1rios dispositivos!<\/p>\n<p>Dependendo do\u00a0 fornecedor de servi\u00e7os de streaming selecionado, est\u00e1 dispon\u00edvel um n\u00famero infinito de possibilidades. Alguns fornecedores oferecem canais de TV ao vivo, enquanto outros oferecem filmes e programas em v\u00eddeo on demand (VOD). Geralmente, incluem EPG, Catch-up TV e compatibilidade com v\u00e1rios ecr\u00e3s. A IPTV oferece aos utilizadores a op\u00e7\u00e3o de cancelar a sua subscri\u00e7\u00e3o caso esta j\u00e1 n\u00e3o corresponda \u00e0s suas necessidades, ao contr\u00e1rio da televis\u00e3o por cabo tradicional. Al\u00e9m disso, rescindir ou rescindir um contrato tradicional pode apresentar dificuldades.<\/p>\n<p>Para ajudar os clientes a selecionar a op\u00e7\u00e3o de pagamento mais adequada, os fornecedores de IPTV oferecem uma variedade de op\u00e7\u00f5es. \u00c9 mais f\u00e1cil monitorizar os seus padr\u00f5es de despesas e o seu planeamento financeiro quando os pagamentos s\u00e3o feitos atrav\u00e9s de carteiras digitais como o PayPal ou transfer\u00eancias banc\u00e1rias.<\/p>\n<h4>Desfrute da melhor qualidade de streaming.<\/h4>\n<p>Os utilizadores tinham acesso a uma grande sele\u00e7\u00e3o de streaming e v\u00eddeo de alta qualidade gra\u00e7as aos servi\u00e7os de IPTV. Era ben\u00e9fico desfrutar das suas s\u00e9ries de <strong>TV e filmes<\/strong> favoritos com uma troca suave de dispositivos e streaming cont\u00ednuo de v\u00eddeo em HD. Ser\u00e1 f\u00e1cil ligar v\u00e1rios dispositivos.<\/p>\n<p>Existem v\u00e1rios fornecedores de <strong>IPTV<\/strong> dispon\u00edveis, cada um com uma sele\u00e7\u00e3o \u00fanica de canais e caracter\u00edsticas. A Apollo Group TV \u00e9 um servi\u00e7o de IPTV bem conhecido que oferece uma vasta gama de canais, uma cole\u00e7\u00e3o de V\u00eddeo on Demand (VOD) e a op\u00e7\u00e3o de os utilizadores assistirem \u00e0 programa\u00e7\u00e3o j\u00e1 transmitida.<\/p>\n<p>Na IPTV PT, os espectadores podem escolher entre uma vasta sele\u00e7\u00e3o de filmes e programas de televis\u00e3o em HD. Os servi\u00e7os incluem<\/p>\n<ul>\n<li>Um guia de programa\u00e7\u00e3o eletr\u00f3nico, ou EPG.<\/li>\n<li>Existem diversas op\u00e7\u00f5es de pagamento.<\/li>\n<li>Atendimento ao Cliente 24 horas&#8230;<\/li>\n<li>Compatibilidade com diversos dispositivos.<\/li>\n<li>Um layout f\u00e1cil de navegar e de utilizar.<\/li>\n<\/ul>\n<p>Para uma melhor experi\u00eancia de visualiza\u00e7\u00e3o, escolha um fornecedor de <strong>IPTV<\/strong> com qualidade <strong>4K<\/strong> e caracter\u00edsticas como desporto ao vivo e filmes on-demand. Conte\u00fado de alta qualidade e per\u00edodos de teste gratuitos s\u00e3o caracter\u00edsticas comuns destes servi\u00e7os. Gostaria de considerar esta op\u00e7\u00e3o! A <strong>iptvportugal tech<\/strong> oferece uma ampla cobertura de uma vasta gama de eventos desportivos, incluindo UEFA Nations League, BT, ESPN, beIN, Optus, Astro, DAZN, PPV, Spark, Now Premier, iFollow, Racing e muito mais.<\/p>\n<h3>Vantagens da Tecnologia IptvPortugal<\/h3>\n<ol>\n<li>Mais de 93.000 filmes e programas de TV (VOD) dispon\u00edveis em mais de <strong>24.000<\/strong> canais de IPTV em direto.<\/li>\n<li>Streaming excepcional em<strong> 4K e UHD<\/strong>.<\/li>\n<li>Entrega r\u00e1pida.<\/li>\n<li>A atualiza\u00e7\u00e3o \u00e9 gratuita.<\/li>\n<li>Tecnologia Anti-Freeze\u2122 3.1.<\/li>\n<li>A assist\u00eancia direta est\u00e1 dispon\u00edvel durante todo o ano.<\/li>\n<li>Smart TV + Fire Stick + TV Box.<\/li>\n<li>Canais PPV ao vivo.<\/li>\n<li>Apenas um utilizador do dispositivo.<\/li>\n<\/ol>\n<h4>Um dos principais benef\u00edcios da subscri\u00e7\u00e3o de IPTV de tr\u00eas meses \u00e9 a sua compatibilidade com VPN.<\/h4>\n<ul>\n<li>Canais: 20 pacotes de VOD.<\/li>\n<li>As localiza\u00e7\u00f5es geogr\u00e1ficas incluem os EUA, Canad\u00e1, <strong>IPTV<\/strong> e outros pa\u00edses.<\/li>\n<li>Estado da localiza\u00e7\u00e3o para <strong>IPTV<\/strong>: Desbloqueado.<\/li>\n<li>Os pagamentos da assinatura podem ser feitos atrav\u00e9s de transfer\u00eancia banc\u00e1ria ou PayPal.<\/li>\n<li>Compatibilidade de dispositivos: compat\u00edvel com Smart TVs, Amazon Fire Sticks, smartphones Android e iOS da LG e Samsung e outros gadgets.<\/li>\n<li>De facto, h\u00e1 um teste gratuito dispon\u00edvel.<\/li>\n<\/ul>\n<p>O suporte e as atualiza\u00e7\u00f5es regulares s\u00e3o sempre fornecidos gratuitamente.<\/p>\n<h3>Utilize o entretenimento para melhorar a sua experi\u00eancia<\/h3>\n<p>Esta subscri\u00e7\u00e3o de IPTV ir\u00e1 satisfazer as suas necessidades se procura conte\u00fado de melhor qualidade e mais canais. O seu plano mensal oferece uma vasta gama de op\u00e7\u00f5es de entretenimento, incluindo filmes, s\u00e9ries, programa\u00e7\u00e3o desportiva e conte\u00fados estrangeiros. Subscreva agora mesmo para aproveitar esta oferta especial e tenha um m\u00eas de muito prazer. O<strong> iptvportugal tech<\/strong> \u00e9 um servi\u00e7o de streaming completo que requer apenas um dispositivo e uma liga\u00e7\u00e3o \u00e0 internet. N\u00e3o \u00e9 necess\u00e1ria antena parab\u00f3lica, congelador ou outros equipamentos. Experimente agora um teste de <a href=\"https:\/\/iptvportugal.fun\/\">IPTV gr\u00e1tis<\/a> na iptvportugal tech e descubra centenas de canais ao vivo. Experimente qualidade 4K e variedade com a sua assinatura IPTV Portugal 3 meses na iptvportugal tech.<\/p>\n<p>O nosso compromisso inabal\u00e1vel em oferecer um servi\u00e7o de primeira qualidade levou os nossos clientes a classificarem-nos como a melhor <strong>IPTV em Portugal<\/strong>. Ao registar-se no <strong>IPTV<\/strong>, recebe instru\u00e7\u00f5es de instala\u00e7\u00e3o e streaming que funcionam em todos os dispositivos e pa\u00edses. Pode relaxar enquanto v\u00ea os seus programas favoritos com o nosso servi\u00e7o de <strong>IPTV<\/strong>, que adiciona automaticamente novos canais e capacidades de visualiza\u00e7\u00e3o melhoradas.<\/p>\n","protected":false},"excerpt":{"rendered":"<div class=\"woocommerce-product-details__short-description\">\n<p>Uma subscri\u00e7\u00e3o de IPTV durante 3 meses pode proporcionar-lhe o melhor entretenimento dispon\u00edvel. Tenha acesso a uma enorme sele\u00e7\u00e3o de canais de TV, incluindo premium e internacionais. Assista a uma vasta gama de filmes e s\u00e9ries em HD impressionantes. O nosso servi\u00e7o fi\u00e1vel e design intuitivo permitem-lhe desfrutar de streaming sem interrup\u00e7\u00f5es em v\u00e1rios dispositivos. Arranque agora mesmo e mergulhe num mundo de entretenimento sem fim.<\/p>\n<\/div>\n<form class=\"cart\" action=\"https:\/\/flixera.shop\/product\/1-month-iptv-subscription\/\" enctype=\"multipart\/form-data\" method=\"post\">\n<div class=\"quantity\"><\/div>\n<\/form>\n","protected":false},"featured_media":3685,"comment_status":"open","ping_status":"closed","template":"","meta":{"site-sidebar-layout":"default","site-content-layout":"","ast-site-content-layout":"default","site-content-style":"default","site-sidebar-style":"default","ast-global-header-display":"","ast-banner-title-visibility":"","ast-main-header-display":"","ast-hfb-above-header-display":"","ast-hfb-below-header-display":"","ast-hfb-mobile-header-display":"","site-post-title":"","ast-breadcrumbs-content":"","ast-featured-img":"","footer-sml-layout":"","ast-disable-related-posts":"","theme-transparent-header-meta":"default","adv-header-id-meta":"","stick-header-meta":"","header-above-stick-meta":"","header-main-stick-meta":"","header-below-stick-meta":"","astra-migrate-meta-layouts":"set","ast-page-background-enabled":"default","ast-page-background-meta":{"desktop":{"background-color":"var(--ast-global-color-5)","background-image":"","background-repeat":"repeat","background-position":"center center","background-size":"auto","background-attachment":"scroll","background-type":"","background-media":"","overlay-type":"","overlay-color":"","overlay-opacity":"","overlay-gradient":""},"tablet":{"background-color":"","background-image":"","background-repeat":"repeat","background-position":"center center","background-size":"auto","background-attachment":"scroll","background-type":"","background-media":"","overlay-type":"","overlay-color":"","overlay-opacity":"","overlay-gradient":""},"mobile":{"background-color":"","background-image":"","background-repeat":"repeat","background-position":"center center","background-size":"auto","background-attachment":"scroll","background-type":"","background-media":"","overlay-type":"","overlay-color":"","overlay-opacity":"","overlay-gradient":""}},"ast-content-background-meta":{"desktop":{"background-color":"var(--ast-global-color-4)","background-image":"","background-repeat":"repeat","background-position":"center center","background-size":"auto","background-attachment":"scroll","background-type":"","background-media":"","overlay-type":"","overlay-color":"","overlay-opacity":"","overlay-gradient":""},"tablet":{"background-color":"var(--ast-global-color-4)","background-image":"","background-repeat":"repeat","background-position":"center center","background-size":"auto","background-attachment":"scroll","background-type":"","background-media":"","overlay-type":"","overlay-color":"","overlay-opacity":"","overlay-gradient":""},"mobile":{"background-color":"var(--ast-global-color-4)","background-image":"","background-repeat":"repeat","background-position":"center center","background-size":"auto","background-attachment":"scroll","background-type":"","background-media":"","overlay-type":"","overlay-color":"","overlay-opacity":"","overlay-gradient":""}}},"product_brand":[],"product_cat":[44],"product_tag":[36,47,50,48,51,49],"class_list":{"0":"post-3684","1":"product","2":"type-product","3":"status-publish","4":"has-post-thumbnail","6":"product_cat-iptv","7":"product_tag-filmes-on-demand-portugal","8":"product_tag-iptv-4k-portugal","9":"product_tag-iptv-em-alta-definicao","10":"product_tag-iptv-para-smart-tv","11":"product_tag-iptv-teste-gratis","12":"product_tag-plano-iptv-portugal","13":"desktop-align-left","14":"tablet-align-left","15":"mobile-align-left","17":"first","18":"instock","19":"shipping-taxable","20":"purchasable","21":"product-type-simple"},"yoast_head":"<!-- This site is optimized with the Yoast SEO plugin v27.3 - https:\/\/yoast.com\/product\/yoast-seo-wordpress\/ -->\n<title>IPTV Portugal 3 meses<\/title>\n<meta name=\"description\" content=\"Desfrute de IPTV Portugal 3 meses com canais ao vivo, filmes on-demand e qualidade 4K. Experimente com iptvportugal tech e transforme sua experi\u00eancia.\" \/>\n<meta name=\"robots\" content=\"index, follow, max-snippet:-1, max-image-preview:large, max-video-preview:-1\" \/>\n<link rel=\"canonical\" href=\"https:\/\/iptvportugal.fun\/iptv\/product\/iptv-portugal-3-meses\/\" \/>\n<meta property=\"og:locale\" content=\"en_US\" \/>\n<meta property=\"og:type\" content=\"article\" \/>\n<meta property=\"og:title\" content=\"IPTV Portugal 3 meses\" \/>\n<meta property=\"og:description\" content=\"Desfrute de IPTV Portugal 3 meses com canais ao vivo, filmes on-demand e qualidade 4K. Experimente com iptvportugal tech e transforme sua experi\u00eancia.\" \/>\n<meta property=\"og:url\" content=\"https:\/\/iptvportugal.fun\/iptv\/product\/iptv-portugal-3-meses\/\" \/>\n<meta property=\"og:site_name\" content=\"IPTV PORTUGAL\" \/>\n<meta property=\"article:modified_time\" content=\"2025-07-31T10:29:59+00:00\" \/>\n<meta property=\"og:image\" content=\"https:\/\/iptvportugal.fun\/wp-content\/uploads\/2025\/07\/24000-Live-Channels-1.png\" \/>\n\t<meta property=\"og:image:width\" content=\"300\" \/>\n\t<meta property=\"og:image:height\" content=\"300\" \/>\n\t<meta property=\"og:image:type\" content=\"image\/png\" \/>\n<meta name=\"twitter:card\" content=\"summary_large_image\" \/>\n<meta name=\"twitter:label1\" content=\"Est. reading time\" \/>\n\t<meta name=\"twitter:data1\" content=\"6 minutes\" \/>\n<script type=\"application\/ld+json\" class=\"yoast-schema-graph\">{\"@context\":\"https:\\\/\\\/schema.org\",\"@graph\":[{\"@type\":\"WebPage\",\"@id\":\"https:\\\/\\\/iptvportugal.fun\\\/iptv\\\/product\\\/iptv-portugal-3-meses\\\/\",\"url\":\"https:\\\/\\\/iptvportugal.fun\\\/iptv\\\/product\\\/iptv-portugal-3-meses\\\/\",\"name\":\"IPTV Portugal 3 meses\",\"isPartOf\":{\"@id\":\"https:\\\/\\\/iptvportugal.fun\\\/iptv\\\/#website\"},\"primaryImageOfPage\":{\"@id\":\"https:\\\/\\\/iptvportugal.fun\\\/iptv\\\/product\\\/iptv-portugal-3-meses\\\/#primaryimage\"},\"image\":{\"@id\":\"https:\\\/\\\/iptvportugal.fun\\\/iptv\\\/product\\\/iptv-portugal-3-meses\\\/#primaryimage\"},\"thumbnailUrl\":\"https:\\\/\\\/iptvportugal.fun\\\/wp-content\\\/uploads\\\/2025\\\/07\\\/24000-Live-Channels-1.png\",\"datePublished\":\"2025-07-24T14:31:43+00:00\",\"dateModified\":\"2025-07-31T10:29:59+00:00\",\"description\":\"Desfrute de IPTV Portugal 3 meses com canais ao vivo, filmes on-demand e qualidade 4K. Experimente com iptvportugal tech e transforme sua experi\u00eancia.\",\"breadcrumb\":{\"@id\":\"https:\\\/\\\/iptvportugal.fun\\\/iptv\\\/product\\\/iptv-portugal-3-meses\\\/#breadcrumb\"},\"inLanguage\":\"en-US\",\"potentialAction\":[{\"@type\":\"ReadAction\",\"target\":[\"https:\\\/\\\/iptvportugal.fun\\\/iptv\\\/product\\\/iptv-portugal-3-meses\\\/\"]}]},{\"@type\":\"ImageObject\",\"inLanguage\":\"en-US\",\"@id\":\"https:\\\/\\\/iptvportugal.fun\\\/iptv\\\/product\\\/iptv-portugal-3-meses\\\/#primaryimage\",\"url\":\"https:\\\/\\\/iptvportugal.fun\\\/wp-content\\\/uploads\\\/2025\\\/07\\\/24000-Live-Channels-1.png\",\"contentUrl\":\"https:\\\/\\\/iptvportugal.fun\\\/wp-content\\\/uploads\\\/2025\\\/07\\\/24000-Live-Channels-1.png\",\"width\":300,\"height\":300,\"caption\":\"IPTV Portugal 3 meses\"},{\"@type\":\"BreadcrumbList\",\"@id\":\"https:\\\/\\\/iptvportugal.fun\\\/iptv\\\/product\\\/iptv-portugal-3-meses\\\/#breadcrumb\",\"itemListElement\":[{\"@type\":\"ListItem\",\"position\":1,\"name\":\"Home\",\"item\":\"https:\\\/\\\/iptvportugal.fun\\\/iptv\\\/\"},{\"@type\":\"ListItem\",\"position\":2,\"name\":\"Shop\",\"item\":\"https:\\\/\\\/iptvportugal.fun\\\/iptv\\\/shop\\\/\"},{\"@type\":\"ListItem\",\"position\":3,\"name\":\"Subscri\u00e7\u00e3o de IPTV de 3 meses\"}]},{\"@type\":\"WebSite\",\"@id\":\"https:\\\/\\\/iptvportugal.fun\\\/iptv\\\/#website\",\"url\":\"https:\\\/\\\/iptvportugal.fun\\\/iptv\\\/\",\"name\":\"IPTV PORTUGAL\",\"description\":\"\",\"publisher\":{\"@id\":\"https:\\\/\\\/iptvportugal.fun\\\/iptv\\\/#organization\"},\"potentialAction\":[{\"@type\":\"SearchAction\",\"target\":{\"@type\":\"EntryPoint\",\"urlTemplate\":\"https:\\\/\\\/iptvportugal.fun\\\/iptv\\\/?s={search_term_string}\"},\"query-input\":{\"@type\":\"PropertyValueSpecification\",\"valueRequired\":true,\"valueName\":\"search_term_string\"}}],\"inLanguage\":\"en-US\"},{\"@type\":\"Organization\",\"@id\":\"https:\\\/\\\/iptvportugal.fun\\\/iptv\\\/#organization\",\"name\":\"IPTV PORTUGAL\",\"url\":\"https:\\\/\\\/iptvportugal.fun\\\/iptv\\\/\",\"logo\":{\"@type\":\"ImageObject\",\"inLanguage\":\"en-US\",\"@id\":\"https:\\\/\\\/iptvportugal.fun\\\/iptv\\\/#\\\/schema\\\/logo\\\/image\\\/\",\"url\":\"https:\\\/\\\/iptvportugal.fun\\\/wp-content\\\/uploads\\\/2025\\\/11\\\/cropped-Portugal.fun-2.png\",\"contentUrl\":\"https:\\\/\\\/iptvportugal.fun\\\/wp-content\\\/uploads\\\/2025\\\/11\\\/cropped-Portugal.fun-2.png\",\"width\":364,\"height\":150,\"caption\":\"IPTV PORTUGAL\"},\"image\":{\"@id\":\"https:\\\/\\\/iptvportugal.fun\\\/iptv\\\/#\\\/schema\\\/logo\\\/image\\\/\"}}]}<\/script>\n<!-- \/ Yoast SEO plugin. -->","yoast_head_json":{"title":"IPTV Portugal 3 meses","description":"Desfrute de IPTV Portugal 3 meses com canais ao vivo, filmes on-demand e qualidade 4K. Experimente com iptvportugal tech e transforme sua experi\u00eancia.","robots":{"index":"index","follow":"follow","max-snippet":"max-snippet:-1","max-image-preview":"max-image-preview:large","max-video-preview":"max-video-preview:-1"},"canonical":"https:\/\/iptvportugal.fun\/iptv\/product\/iptv-portugal-3-meses\/","og_locale":"en_US","og_type":"article","og_title":"IPTV Portugal 3 meses","og_description":"Desfrute de IPTV Portugal 3 meses com canais ao vivo, filmes on-demand e qualidade 4K. Experimente com iptvportugal tech e transforme sua experi\u00eancia.","og_url":"https:\/\/iptvportugal.fun\/iptv\/product\/iptv-portugal-3-meses\/","og_site_name":"IPTV PORTUGAL","article_modified_time":"2025-07-31T10:29:59+00:00","og_image":[{"width":300,"height":300,"url":"https:\/\/iptvportugal.fun\/wp-content\/uploads\/2025\/07\/24000-Live-Channels-1.png","type":"image\/png"}],"twitter_card":"summary_large_image","twitter_misc":{"Est. reading time":"6 minutes"},"schema":{"@context":"https:\/\/schema.org","@graph":[{"@type":"WebPage","@id":"https:\/\/iptvportugal.fun\/iptv\/product\/iptv-portugal-3-meses\/","url":"https:\/\/iptvportugal.fun\/iptv\/product\/iptv-portugal-3-meses\/","name":"IPTV Portugal 3 meses","isPartOf":{"@id":"https:\/\/iptvportugal.fun\/iptv\/#website"},"primaryImageOfPage":{"@id":"https:\/\/iptvportugal.fun\/iptv\/product\/iptv-portugal-3-meses\/#primaryimage"},"image":{"@id":"https:\/\/iptvportugal.fun\/iptv\/product\/iptv-portugal-3-meses\/#primaryimage"},"thumbnailUrl":"https:\/\/iptvportugal.fun\/wp-content\/uploads\/2025\/07\/24000-Live-Channels-1.png","datePublished":"2025-07-24T14:31:43+00:00","dateModified":"2025-07-31T10:29:59+00:00","description":"Desfrute de IPTV Portugal 3 meses com canais ao vivo, filmes on-demand e qualidade 4K. Experimente com iptvportugal tech e transforme sua experi\u00eancia.","breadcrumb":{"@id":"https:\/\/iptvportugal.fun\/iptv\/product\/iptv-portugal-3-meses\/#breadcrumb"},"inLanguage":"en-US","potentialAction":[{"@type":"ReadAction","target":["https:\/\/iptvportugal.fun\/iptv\/product\/iptv-portugal-3-meses\/"]}]},{"@type":"ImageObject","inLanguage":"en-US","@id":"https:\/\/iptvportugal.fun\/iptv\/product\/iptv-portugal-3-meses\/#primaryimage","url":"https:\/\/iptvportugal.fun\/wp-content\/uploads\/2025\/07\/24000-Live-Channels-1.png","contentUrl":"https:\/\/iptvportugal.fun\/wp-content\/uploads\/2025\/07\/24000-Live-Channels-1.png","width":300,"height":300,"caption":"IPTV Portugal 3 meses"},{"@type":"BreadcrumbList","@id":"https:\/\/iptvportugal.fun\/iptv\/product\/iptv-portugal-3-meses\/#breadcrumb","itemListElement":[{"@type":"ListItem","position":1,"name":"Home","item":"https:\/\/iptvportugal.fun\/iptv\/"},{"@type":"ListItem","position":2,"name":"Shop","item":"https:\/\/iptvportugal.fun\/iptv\/shop\/"},{"@type":"ListItem","position":3,"name":"Subscri\u00e7\u00e3o de IPTV de 3 meses"}]},{"@type":"WebSite","@id":"https:\/\/iptvportugal.fun\/iptv\/#website","url":"https:\/\/iptvportugal.fun\/iptv\/","name":"IPTV PORTUGAL","description":"","publisher":{"@id":"https:\/\/iptvportugal.fun\/iptv\/#organization"},"potentialAction":[{"@type":"SearchAction","target":{"@type":"EntryPoint","urlTemplate":"https:\/\/iptvportugal.fun\/iptv\/?s={search_term_string}"},"query-input":{"@type":"PropertyValueSpecification","valueRequired":true,"valueName":"search_term_string"}}],"inLanguage":"en-US"},{"@type":"Organization","@id":"https:\/\/iptvportugal.fun\/iptv\/#organization","name":"IPTV PORTUGAL","url":"https:\/\/iptvportugal.fun\/iptv\/","logo":{"@type":"ImageObject","inLanguage":"en-US","@id":"https:\/\/iptvportugal.fun\/iptv\/#\/schema\/logo\/image\/","url":"https:\/\/iptvportugal.fun\/wp-content\/uploads\/2025\/11\/cropped-Portugal.fun-2.png","contentUrl":"https:\/\/iptvportugal.fun\/wp-content\/uploads\/2025\/11\/cropped-Portugal.fun-2.png","width":364,"height":150,"caption":"IPTV PORTUGAL"},"image":{"@id":"https:\/\/iptvportugal.fun\/iptv\/#\/schema\/logo\/image\/"}}]}},"_links":{"self":[{"href":"https:\/\/iptvportugal.fun\/iptv\/wp-json\/wp\/v2\/product\/3684","targetHints":{"allow":["GET"]}}],"collection":[{"href":"https:\/\/iptvportugal.fun\/iptv\/wp-json\/wp\/v2\/product"}],"about":[{"href":"https:\/\/iptvportugal.fun\/iptv\/wp-json\/wp\/v2\/types\/product"}],"replies":[{"embeddable":true,"href":"https:\/\/iptvportugal.fun\/iptv\/wp-json\/wp\/v2\/comments?post=3684"}],"wp:featuredmedia":[{"embeddable":true,"href":"https:\/\/iptvportugal.fun\/iptv\/wp-json\/wp\/v2\/media\/3685"}],"wp:attachment":[{"href":"https:\/\/iptvportugal.fun\/iptv\/wp-json\/wp\/v2\/media?parent=3684"}],"wp:term":[{"taxonomy":"product_brand","embeddable":true,"href":"https:\/\/iptvportugal.fun\/iptv\/wp-json\/wp\/v2\/product_brand?post=3684"},{"taxonomy":"product_cat","embeddable":true,"href":"https:\/\/iptvportugal.fun\/iptv\/wp-json\/wp\/v2\/product_cat?post=3684"},{"taxonomy":"product_tag","embeddable":true,"href":"https:\/\/iptvportugal.fun\/iptv\/wp-json\/wp\/v2\/product_tag?post=3684"}],"curies":[{"name":"wp","href":"https:\/\/api.w.org\/{rel}","templated":true}]}}