{"id":3719,"date":"2025-07-31T10:25:34","date_gmt":"2025-07-31T10:25:34","guid":{"rendered":"https:\/\/iptvportugal.fun\/?post_type=product&#038;p=3719"},"modified":"2025-10-05T10:11:59","modified_gmt":"2025-10-05T10:11:59","slug":"iptv-por-6-meses","status":"publish","type":"product","link":"https:\/\/iptvportugal.fun\/iptv\/product\/iptv-por-6-meses\/","title":{"rendered":"Subscri\u00e7\u00e3o de IPTV por 6 meses"},"content":{"rendered":"<p>Ol\u00e1, f\u00e3s de entretenimento! Preparem-se para aproveitar uma oferta especial de subscri\u00e7\u00e3o de IPTV por 6 meses que vai melhorar a vossa experi\u00eancia de ver televis\u00e3o. Aproveite esta fant\u00e1stica oferta para obter uma variedade de canais e conte\u00fados on demand durante um m\u00eas inteiro, trazendo entretenimento de alta qualidade diretamente para o seu ecr\u00e3. Esta subscri\u00e7\u00e3o atende aos seus gostos por conte\u00fado estrangeiro, desporto, s\u00e9ries de TV e filmes. Leve a sua experi\u00eancia de entretenimento para o pr\u00f3ximo n\u00edvel, utilizando a teoria!<\/p>\n<h1>Vis\u00e3o geral de uma subscri\u00e7\u00e3o de IPTV por 6 meses<\/h1>\n<p>Deseja uma experi\u00eancia de entretenimento completa? A nossa subscri\u00e7\u00e3o <a href=\"https:\/\/iptvportugal.fun\/\">IPTV Portugal<\/a> de 6 meses serve um p\u00fablico alargado, oferecendo uma variedade de canais, como desporto e entretenimento. Veja uma variedade de s\u00e9ries de TV, document\u00e1rios e programas de estilo de vida famosos quando tiver tempo livre.<\/p>\n<p>Desfrute de streaming premium cont\u00ednuo para desfrutar de conte\u00fado sem interrup\u00e7\u00f5es. Cria-se uma sensa\u00e7\u00e3o de frescura ao assistir regularmente a conte\u00fados exclusivos e novos, como uma fant\u00e1stica noite de cinema todos os dias. Antes que esgote, aproveite esta oportunidade \u00fanica de assistir a entretenimento de primeira!<\/p>\n<h2>Descubra uma grande variedade de canais.<\/h2>\n<p>O <strong>IPTV<\/strong> \u00e9 uma alternativa de entretenimento pr\u00e1tica e facilmente dispon\u00edvel devido \u00e0 sua propriedade \u00fanica de fornecer uma grande variedade de s\u00e9ries de TV, filmes, transmiss\u00e3o ao vivo e eventos desportivos PPV. Selecione um fornecedor de servi\u00e7os de IPTV que ofere\u00e7a m\u00e9todos de pagamento seguros e pol\u00edticas de devolu\u00e7\u00e3o flex\u00edveis. Ao utilizar um endere\u00e7o de e-mail an\u00f3nimo durante o registo, os utilizadores podem impedir que os fornecedores de servi\u00e7os de subscri\u00e7\u00e3o divulguem informa\u00e7\u00f5es pessoais.<\/p>\n<p>Um resumo pr\u00e1tico dos pr\u00f3ximos programas e atividades \u00e9 fornecido pelo EPG (Guia Eletr\u00f3nico de Programa\u00e7\u00e3o) da <strong>IPTV Portugal<\/strong>. Al\u00e9m disso, muitos servi\u00e7os oferecem uma compatibilidade perfeita entre dispositivos sem custos adicionais, para que possa desfrutar das suas aplica\u00e7\u00f5es favoritas quando e onde quiser.<\/p>\n<p>Desporto, document\u00e1rios e programas de televis\u00e3o estrangeiros est\u00e3o entre os muitos canais dispon\u00edveis na iptvportugal.fun, um conhecido fornecedor de servi\u00e7os de <strong>IPTV<\/strong>. Para garantir um streaming sem buffer, atualizamos frequentemente os nossos servidores com tecnologia anticongelamento. Al\u00e9m disso, oferecem um teste gratuito para quem quiser experimentar.<\/p>\n<h3>Subscri\u00e7\u00e3o de IPTV durante 6 meses para aceder a servi\u00e7os de streaming<\/h3>\n<p>Durante um m\u00eas inteiro, a IPTV oferece acesso irrestrito a uma grande sele\u00e7\u00e3o de canais e programas on-demand, incluindo programa\u00e7\u00e3o estrangeira, eventos desportivos, programas de televis\u00e3o e filmes. Al\u00e9m disso, a capacidade de ajudar com v\u00e1rios gadgets permite-lhe desfrutar de entretenimento sempre que quiser!<\/p>\n<p>Dependendo do fornecedor de servi\u00e7os de streaming que escolher, existem muitas op\u00e7\u00f5es dispon\u00edveis. Enquanto alguns fornecedores oferecem filmes e programas em v\u00eddeo on demand (VOD), outros oferecem canais de televis\u00e3o em direto. Geralmente \u00e9 destacada a compatibilidade com catch-up TV, EPG e uma variedade de ecr\u00e3s. Ao contr\u00e1rio da televis\u00e3o por cabo tradicional, a IPTV oferece aos clientes a op\u00e7\u00e3o de cancelar a sua subscri\u00e7\u00e3o caso esta j\u00e1 n\u00e3o corresponda \u00e0s suas necessidades. Al\u00e9m disso, os contratos tradicionais podem apresentar dificuldades caso queira rescindi-los ou cancel\u00e1-los.<\/p>\n<p>Os fornecedores de IPTV oferecem uma variedade de alternativas para ajudar os consumidores a selecionar o m\u00e9todo de pagamento mais adequado. As transfer\u00eancias banc\u00e1rias e as carteiras digitais como o PayPal podem ser utilizadas para efetuar pagamentos, o que facilita o controlo dos seus padr\u00f5es de despesas e or\u00e7amento.<\/p>\n<h4>Desfrute de uma excelente qualidade de streaming.<\/h4>\n<p>Com a utiliza\u00e7\u00e3o dos servi\u00e7os de <strong>IPTV<\/strong>, os consumidores podem transmitir uma variedade de v\u00eddeos de alta qualidade. Desfrute da troca perfeita de dispositivos e do streaming cont\u00ednuo de v\u00eddeo em HD para ver as suas s\u00e9ries e filmes favoritos sem interrup\u00e7\u00f5es. Ligar v\u00e1rios dispositivos ser\u00e1 muito f\u00e1cil para si.<\/p>\n<p>Existem diversos fornecedores de IPTV dispon\u00edveis, cada um com canais e caracter\u00edsticas \u00fanicas. Um fornecedor de IPTV popular, a Apollo Group TV, oferece uma grande sele\u00e7\u00e3o de canais, uma biblioteca de V\u00eddeo on Demand (VOD) e a possibilidade de os clientes assistirem a programas j\u00e1 exibidos.<\/p>\n<p>Uma grande variedade de filmes e s\u00e9ries de TV em HD est\u00e3o dispon\u00edveis para visualiza\u00e7\u00e3o na IPTV PT. Inclu\u00eddos no servi\u00e7o est\u00e3o<\/p>\n<ul>\n<li>Um EPG, ou guia de programa\u00e7\u00e3o eletr\u00f3nico.<\/li>\n<li>Diversas formas de pagamento.<\/li>\n<li>Apoio ao Cliente 24 horas&#8230;<\/li>\n<li>Compatibilidade com diversos dispositivos.<\/li>\n<li>Um design simples de usar e de navegar.<\/li>\n<\/ul>\n<p>Escolha um fornecedor de <strong>IPTV<\/strong> por 6 meses com qualidade 4K e servi\u00e7os como desporto ao vivo e filmes on-demand para uma melhor experi\u00eancia de streaming. Estes servi\u00e7os incluem frequentemente per\u00edodos de teste gratuitos e conte\u00fado de alta qualidade. Gostaria de analisar essa possibilidade! SKY, BT, ESPN, beIN, Optus, Astro, DAZN, PPV, Spark, Now Premier, UEFA Nations League, iFollow, Racing e outros est\u00e3o entre os in\u00fameros eventos desportivos com ampla cobertura da iptvportugal.fun.<\/p>\n<h3>Benef\u00edcios do iptvportugal.fun<\/h3>\n<ol>\n<li>Mais de 24.000 canais de IPTV em direto<\/li>\n<li>Mais de 93.000, filmes e s\u00e9ries de, <a href=\"https:\/\/en.wikipedia.org\/wiki\/Television\">TV<\/a> (VOD).<\/li>\n<li>Streaming 4K\/UHD excepcional.<\/li>\n<li>Entrega r\u00e1pida.<\/li>\n<li>Atualiza\u00e7\u00e3o gratuita.<\/li>\n<li>Tecnologia Anti-Freeze TM 3.1.<\/li>\n<li>Suporte ao vivo dispon\u00edvel 365 dias por ano.<\/li>\n<li>Smart TV + Fire Stick + TV Box.<\/li>\n<li>Canais ao vivo em PPV.<\/li>\n<li>O gadget tem apenas um utilizador.<\/li>\n<\/ol>\n<h4>A compatibilidade com VPN \u00e9 uma das principais caracter\u00edsticas da subscri\u00e7\u00e3o de IPTV de 6 meses.<\/h4>\n<ul>\n<li><strong>Canais<\/strong>: 20 pacotes de VOD.<\/li>\n<li>As localiza\u00e7\u00f5es geogr\u00e1ficas incluem os EUA, Canad\u00e1, IPTV e outros pa\u00edses.<\/li>\n<li><strong>Estado da localiza\u00e7\u00e3o para IPTV<\/strong>: Desbloqueado.<\/li>\n<li><strong>M\u00e9todos de pagamento para subscri\u00e7\u00f5es<\/strong>: transfer\u00eancias banc\u00e1rias e PayPal tamb\u00e9m s\u00e3o aceites.<\/li>\n<li><strong>Compatibilidade com dispositivos<\/strong>: Compat\u00edvel com dispositivos iOS, Amazon Fire Sticks, Smart TVs, dispositivos Android da LG e Samsung e outros dispositivos.<\/li>\n<li><strong>Teste gratuito<\/strong>: Sim.<\/li>\n<\/ul>\n<p>Suporte e atualiza\u00e7\u00f5es constantes s\u00e3o sempre oferecidos gratuitamente.<\/p>\n<h3>Melhore a sua experi\u00eancia com entretenimento<\/h3>\n<p>Diversas alternativas de entretenimento, incluindo conte\u00fados, est\u00e3o dispon\u00edveis com uma subscri\u00e7\u00e3o mensal. Estrangeiros, s\u00e9ries de TV, filmes e programa\u00e7\u00e3o desportiva. Para aproveitar esta oferta exclusiva e desfrutar de um m\u00eas de entretenimento de primeira qualidade, subscreva j\u00e1. Tudo o que precisa para o Flixera, um servi\u00e7o de streaming abrangente, \u00e9 um dispositivo e uma liga\u00e7\u00e3o \u00e0 Internet. N\u00e3o \u00e9 necess\u00e1rio equipamento adicional, Freez ou antena parab\u00f3lica.<\/p>\n<p>Devido ao nosso compromisso cont\u00ednuo com o servi\u00e7o ao cliente, os nossos clientes classificam-nos como a melhor <a href=\"https:\/\/iptvportugal.fun\/\">IPTV em Portugal<\/a>. Receber\u00e1 instru\u00e7\u00f5es de instala\u00e7\u00e3o e streaming compat\u00edveis com todos os dispositivos e pa\u00edses ao subscrever o IPTV. Pode relaxar e desfrutar dos seus programas favoritos, pois o nosso servi\u00e7o de <strong>IPTV<\/strong> \u00e9 atualizado automaticamente com novos canais e funcionalidades de visualiza\u00e7\u00e3o melhoradas.<\/p>\n","protected":false},"excerpt":{"rendered":"<p>Pode ter o melhor entretenimento dispon\u00edvel com uma subscri\u00e7\u00e3o de<strong> IPTV de 6 meses<\/strong>. Tenha acesso a uma vasta gama de canais de TV, incluindo estrangeiros e premium. Assista a uma enorme sele\u00e7\u00e3o de filmes e programas de televis\u00e3o em HD de cortar a respira\u00e7\u00e3o. Pode desfrutar de streaming sem interrup\u00e7\u00f5es em v\u00e1rios dispositivos gra\u00e7as ao nosso servi\u00e7o fi\u00e1vel e design intuitivo.\u00a0<mark class=\"res_bg_color selected\" data-type=\"partial\" data-q-hash=\"dc93e4b8f0c79678f7d25f3c733a3494\" data-u-hash=\"aa02a31eed1b7b696f6078d2c4b22fd1\" data-sync=\"plag_match_counter0\">Descola imediatamente e entre num mundo de entretenimento sem limites.<\/mark><\/p>\n","protected":false},"featured_media":3723,"comment_status":"open","ping_status":"closed","template":"","meta":{"site-sidebar-layout":"default","site-content-layout":"","ast-site-content-layout":"default","site-content-style":"default","site-sidebar-style":"default","ast-global-header-display":"","ast-banner-title-visibility":"","ast-main-header-display":"","ast-hfb-above-header-display":"","ast-hfb-below-header-display":"","ast-hfb-mobile-header-display":"","site-post-title":"","ast-breadcrumbs-content":"","ast-featured-img":"","footer-sml-layout":"","ast-disable-related-posts":"","theme-transparent-header-meta":"default","adv-header-id-meta":"","stick-header-meta":"","header-above-stick-meta":"","header-main-stick-meta":"","header-below-stick-meta":"","astra-migrate-meta-layouts":"set","ast-page-background-enabled":"default","ast-page-background-meta":{"desktop":{"background-color":"var(--ast-global-color-5)","background-image":"","background-repeat":"repeat","background-position":"center center","background-size":"auto","background-attachment":"scroll","background-type":"","background-media":"","overlay-type":"","overlay-color":"","overlay-opacity":"","overlay-gradient":""},"tablet":{"background-color":"","background-image":"","background-repeat":"repeat","background-position":"center center","background-size":"auto","background-attachment":"scroll","background-type":"","background-media":"","overlay-type":"","overlay-color":"","overlay-opacity":"","overlay-gradient":""},"mobile":{"background-color":"","background-image":"","background-repeat":"repeat","background-position":"center center","background-size":"auto","background-attachment":"scroll","background-type":"","background-media":"","overlay-type":"","overlay-color":"","overlay-opacity":"","overlay-gradient":""}},"ast-content-background-meta":{"desktop":{"background-color":"var(--ast-global-color-4)","background-image":"","background-repeat":"repeat","background-position":"center center","background-size":"auto","background-attachment":"scroll","background-type":"","background-media":"","overlay-type":"","overlay-color":"","overlay-opacity":"","overlay-gradient":""},"tablet":{"background-color":"var(--ast-global-color-4)","background-image":"","background-repeat":"repeat","background-position":"center center","background-size":"auto","background-attachment":"scroll","background-type":"","background-media":"","overlay-type":"","overlay-color":"","overlay-opacity":"","overlay-gradient":""},"mobile":{"background-color":"var(--ast-global-color-4)","background-image":"","background-repeat":"repeat","background-position":"center center","background-size":"auto","background-attachment":"scroll","background-type":"","background-media":"","overlay-type":"","overlay-color":"","overlay-opacity":"","overlay-gradient":""}}},"product_brand":[],"product_cat":[44],"product_tag":[105,97,102,101,104,106,99,98,103,100,96],"class_list":{"0":"post-3719","1":"product","2":"type-product","3":"status-publish","4":"has-post-thumbnail","6":"product_cat-iptv","7":"product_tag-iptv-box","8":"product_tag-iptv-desporto","9":"product_tag-iptv-em-direto","10":"product_tag-iptv-europa","11":"product_tag-iptv-fire-stick","12":"product_tag-iptv-hd","13":"product_tag-iptv-sem-freeze","14":"product_tag-iptv-series","15":"product_tag-iptv-smart-tv","16":"product_tag-iptv-teste-gratuito","17":"product_tag-melhor-iptv","18":"desktop-align-left","19":"tablet-align-left","20":"mobile-align-left","22":"first","23":"instock","24":"shipping-taxable","25":"purchasable","26":"product-type-simple"},"yoast_head":"<!-- This site is optimized with the Yoast SEO plugin v27.3 - https:\/\/yoast.com\/product\/yoast-seo-wordpress\/ -->\n<title>IPTV por 6 meses<\/title>\n<meta name=\"description\" content=\"Aproveite os melhores canais com nosso plano IPTV por 6 meses! Assista s\u00e9ries, filmes e esportes ao vivo em alta qualidade com estabilidade e seguran\u00e7a.\" \/>\n<meta name=\"robots\" content=\"index, follow, max-snippet:-1, max-image-preview:large, max-video-preview:-1\" \/>\n<link rel=\"canonical\" href=\"https:\/\/iptvportugal.fun\/iptv\/product\/iptv-por-6-meses\/\" \/>\n<meta property=\"og:locale\" content=\"en_US\" \/>\n<meta property=\"og:type\" content=\"article\" \/>\n<meta property=\"og:title\" content=\"IPTV por 6 meses\" \/>\n<meta property=\"og:description\" content=\"Aproveite os melhores canais com nosso plano IPTV por 6 meses! Assista s\u00e9ries, filmes e esportes ao vivo em alta qualidade com estabilidade e seguran\u00e7a.\" \/>\n<meta property=\"og:url\" content=\"https:\/\/iptvportugal.fun\/iptv\/product\/iptv-por-6-meses\/\" \/>\n<meta property=\"og:site_name\" content=\"IPTV PORTUGAL\" \/>\n<meta property=\"article:modified_time\" content=\"2025-10-05T10:11:59+00:00\" \/>\n<meta property=\"og:image\" content=\"https:\/\/iptvportugal.fun\/wp-content\/uploads\/2025\/07\/24000-Live-Channels-2.png\" \/>\n\t<meta property=\"og:image:width\" content=\"300\" \/>\n\t<meta property=\"og:image:height\" content=\"300\" \/>\n\t<meta property=\"og:image:type\" content=\"image\/png\" \/>\n<meta name=\"twitter:card\" content=\"summary_large_image\" \/>\n<meta name=\"twitter:label1\" content=\"Est. reading time\" \/>\n\t<meta name=\"twitter:data1\" content=\"5 minutes\" \/>\n<script type=\"application\/ld+json\" class=\"yoast-schema-graph\">{\"@context\":\"https:\\\/\\\/schema.org\",\"@graph\":[{\"@type\":\"WebPage\",\"@id\":\"https:\\\/\\\/iptvportugal.fun\\\/iptv\\\/product\\\/iptv-por-6-meses\\\/\",\"url\":\"https:\\\/\\\/iptvportugal.fun\\\/iptv\\\/product\\\/iptv-por-6-meses\\\/\",\"name\":\"IPTV por 6 meses\",\"isPartOf\":{\"@id\":\"https:\\\/\\\/iptvportugal.fun\\\/iptv\\\/#website\"},\"primaryImageOfPage\":{\"@id\":\"https:\\\/\\\/iptvportugal.fun\\\/iptv\\\/product\\\/iptv-por-6-meses\\\/#primaryimage\"},\"image\":{\"@id\":\"https:\\\/\\\/iptvportugal.fun\\\/iptv\\\/product\\\/iptv-por-6-meses\\\/#primaryimage\"},\"thumbnailUrl\":\"https:\\\/\\\/iptvportugal.fun\\\/wp-content\\\/uploads\\\/2025\\\/07\\\/24000-Live-Channels-2.png\",\"datePublished\":\"2025-07-31T10:25:34+00:00\",\"dateModified\":\"2025-10-05T10:11:59+00:00\",\"description\":\"Aproveite os melhores canais com nosso plano IPTV por 6 meses! Assista s\u00e9ries, filmes e esportes ao vivo em alta qualidade com estabilidade e seguran\u00e7a.\",\"breadcrumb\":{\"@id\":\"https:\\\/\\\/iptvportugal.fun\\\/iptv\\\/product\\\/iptv-por-6-meses\\\/#breadcrumb\"},\"inLanguage\":\"en-US\",\"potentialAction\":[{\"@type\":\"ReadAction\",\"target\":[\"https:\\\/\\\/iptvportugal.fun\\\/iptv\\\/product\\\/iptv-por-6-meses\\\/\"]}]},{\"@type\":\"ImageObject\",\"inLanguage\":\"en-US\",\"@id\":\"https:\\\/\\\/iptvportugal.fun\\\/iptv\\\/product\\\/iptv-por-6-meses\\\/#primaryimage\",\"url\":\"https:\\\/\\\/iptvportugal.fun\\\/wp-content\\\/uploads\\\/2025\\\/07\\\/24000-Live-Channels-2.png\",\"contentUrl\":\"https:\\\/\\\/iptvportugal.fun\\\/wp-content\\\/uploads\\\/2025\\\/07\\\/24000-Live-Channels-2.png\",\"width\":300,\"height\":300,\"caption\":\"IPTV por 6 meses\"},{\"@type\":\"BreadcrumbList\",\"@id\":\"https:\\\/\\\/iptvportugal.fun\\\/iptv\\\/product\\\/iptv-por-6-meses\\\/#breadcrumb\",\"itemListElement\":[{\"@type\":\"ListItem\",\"position\":1,\"name\":\"Home\",\"item\":\"https:\\\/\\\/iptvportugal.fun\\\/iptv\\\/\"},{\"@type\":\"ListItem\",\"position\":2,\"name\":\"Shop\",\"item\":\"https:\\\/\\\/iptvportugal.fun\\\/iptv\\\/shop\\\/\"},{\"@type\":\"ListItem\",\"position\":3,\"name\":\"Subscri\u00e7\u00e3o de IPTV por 6 meses\"}]},{\"@type\":\"WebSite\",\"@id\":\"https:\\\/\\\/iptvportugal.fun\\\/iptv\\\/#website\",\"url\":\"https:\\\/\\\/iptvportugal.fun\\\/iptv\\\/\",\"name\":\"IPTV PORTUGAL\",\"description\":\"\",\"publisher\":{\"@id\":\"https:\\\/\\\/iptvportugal.fun\\\/iptv\\\/#organization\"},\"potentialAction\":[{\"@type\":\"SearchAction\",\"target\":{\"@type\":\"EntryPoint\",\"urlTemplate\":\"https:\\\/\\\/iptvportugal.fun\\\/iptv\\\/?s={search_term_string}\"},\"query-input\":{\"@type\":\"PropertyValueSpecification\",\"valueRequired\":true,\"valueName\":\"search_term_string\"}}],\"inLanguage\":\"en-US\"},{\"@type\":\"Organization\",\"@id\":\"https:\\\/\\\/iptvportugal.fun\\\/iptv\\\/#organization\",\"name\":\"IPTV PORTUGAL\",\"url\":\"https:\\\/\\\/iptvportugal.fun\\\/iptv\\\/\",\"logo\":{\"@type\":\"ImageObject\",\"inLanguage\":\"en-US\",\"@id\":\"https:\\\/\\\/iptvportugal.fun\\\/iptv\\\/#\\\/schema\\\/logo\\\/image\\\/\",\"url\":\"https:\\\/\\\/iptvportugal.fun\\\/wp-content\\\/uploads\\\/2025\\\/11\\\/cropped-Portugal.fun-2.png\",\"contentUrl\":\"https:\\\/\\\/iptvportugal.fun\\\/wp-content\\\/uploads\\\/2025\\\/11\\\/cropped-Portugal.fun-2.png\",\"width\":364,\"height\":150,\"caption\":\"IPTV PORTUGAL\"},\"image\":{\"@id\":\"https:\\\/\\\/iptvportugal.fun\\\/iptv\\\/#\\\/schema\\\/logo\\\/image\\\/\"}}]}<\/script>\n<!-- \/ Yoast SEO plugin. -->","yoast_head_json":{"title":"IPTV por 6 meses","description":"Aproveite os melhores canais com nosso plano IPTV por 6 meses! Assista s\u00e9ries, filmes e esportes ao vivo em alta qualidade com estabilidade e seguran\u00e7a.","robots":{"index":"index","follow":"follow","max-snippet":"max-snippet:-1","max-image-preview":"max-image-preview:large","max-video-preview":"max-video-preview:-1"},"canonical":"https:\/\/iptvportugal.fun\/iptv\/product\/iptv-por-6-meses\/","og_locale":"en_US","og_type":"article","og_title":"IPTV por 6 meses","og_description":"Aproveite os melhores canais com nosso plano IPTV por 6 meses! Assista s\u00e9ries, filmes e esportes ao vivo em alta qualidade com estabilidade e seguran\u00e7a.","og_url":"https:\/\/iptvportugal.fun\/iptv\/product\/iptv-por-6-meses\/","og_site_name":"IPTV PORTUGAL","article_modified_time":"2025-10-05T10:11:59+00:00","og_image":[{"width":300,"height":300,"url":"https:\/\/iptvportugal.fun\/wp-content\/uploads\/2025\/07\/24000-Live-Channels-2.png","type":"image\/png"}],"twitter_card":"summary_large_image","twitter_misc":{"Est. reading time":"5 minutes"},"schema":{"@context":"https:\/\/schema.org","@graph":[{"@type":"WebPage","@id":"https:\/\/iptvportugal.fun\/iptv\/product\/iptv-por-6-meses\/","url":"https:\/\/iptvportugal.fun\/iptv\/product\/iptv-por-6-meses\/","name":"IPTV por 6 meses","isPartOf":{"@id":"https:\/\/iptvportugal.fun\/iptv\/#website"},"primaryImageOfPage":{"@id":"https:\/\/iptvportugal.fun\/iptv\/product\/iptv-por-6-meses\/#primaryimage"},"image":{"@id":"https:\/\/iptvportugal.fun\/iptv\/product\/iptv-por-6-meses\/#primaryimage"},"thumbnailUrl":"https:\/\/iptvportugal.fun\/wp-content\/uploads\/2025\/07\/24000-Live-Channels-2.png","datePublished":"2025-07-31T10:25:34+00:00","dateModified":"2025-10-05T10:11:59+00:00","description":"Aproveite os melhores canais com nosso plano IPTV por 6 meses! Assista s\u00e9ries, filmes e esportes ao vivo em alta qualidade com estabilidade e seguran\u00e7a.","breadcrumb":{"@id":"https:\/\/iptvportugal.fun\/iptv\/product\/iptv-por-6-meses\/#breadcrumb"},"inLanguage":"en-US","potentialAction":[{"@type":"ReadAction","target":["https:\/\/iptvportugal.fun\/iptv\/product\/iptv-por-6-meses\/"]}]},{"@type":"ImageObject","inLanguage":"en-US","@id":"https:\/\/iptvportugal.fun\/iptv\/product\/iptv-por-6-meses\/#primaryimage","url":"https:\/\/iptvportugal.fun\/wp-content\/uploads\/2025\/07\/24000-Live-Channels-2.png","contentUrl":"https:\/\/iptvportugal.fun\/wp-content\/uploads\/2025\/07\/24000-Live-Channels-2.png","width":300,"height":300,"caption":"IPTV por 6 meses"},{"@type":"BreadcrumbList","@id":"https:\/\/iptvportugal.fun\/iptv\/product\/iptv-por-6-meses\/#breadcrumb","itemListElement":[{"@type":"ListItem","position":1,"name":"Home","item":"https:\/\/iptvportugal.fun\/iptv\/"},{"@type":"ListItem","position":2,"name":"Shop","item":"https:\/\/iptvportugal.fun\/iptv\/shop\/"},{"@type":"ListItem","position":3,"name":"Subscri\u00e7\u00e3o de IPTV por 6 meses"}]},{"@type":"WebSite","@id":"https:\/\/iptvportugal.fun\/iptv\/#website","url":"https:\/\/iptvportugal.fun\/iptv\/","name":"IPTV PORTUGAL","description":"","publisher":{"@id":"https:\/\/iptvportugal.fun\/iptv\/#organization"},"potentialAction":[{"@type":"SearchAction","target":{"@type":"EntryPoint","urlTemplate":"https:\/\/iptvportugal.fun\/iptv\/?s={search_term_string}"},"query-input":{"@type":"PropertyValueSpecification","valueRequired":true,"valueName":"search_term_string"}}],"inLanguage":"en-US"},{"@type":"Organization","@id":"https:\/\/iptvportugal.fun\/iptv\/#organization","name":"IPTV PORTUGAL","url":"https:\/\/iptvportugal.fun\/iptv\/","logo":{"@type":"ImageObject","inLanguage":"en-US","@id":"https:\/\/iptvportugal.fun\/iptv\/#\/schema\/logo\/image\/","url":"https:\/\/iptvportugal.fun\/wp-content\/uploads\/2025\/11\/cropped-Portugal.fun-2.png","contentUrl":"https:\/\/iptvportugal.fun\/wp-content\/uploads\/2025\/11\/cropped-Portugal.fun-2.png","width":364,"height":150,"caption":"IPTV PORTUGAL"},"image":{"@id":"https:\/\/iptvportugal.fun\/iptv\/#\/schema\/logo\/image\/"}}]}},"_links":{"self":[{"href":"https:\/\/iptvportugal.fun\/iptv\/wp-json\/wp\/v2\/product\/3719","targetHints":{"allow":["GET"]}}],"collection":[{"href":"https:\/\/iptvportugal.fun\/iptv\/wp-json\/wp\/v2\/product"}],"about":[{"href":"https:\/\/iptvportugal.fun\/iptv\/wp-json\/wp\/v2\/types\/product"}],"replies":[{"embeddable":true,"href":"https:\/\/iptvportugal.fun\/iptv\/wp-json\/wp\/v2\/comments?post=3719"}],"wp:featuredmedia":[{"embeddable":true,"href":"https:\/\/iptvportugal.fun\/iptv\/wp-json\/wp\/v2\/media\/3723"}],"wp:attachment":[{"href":"https:\/\/iptvportugal.fun\/iptv\/wp-json\/wp\/v2\/media?parent=3719"}],"wp:term":[{"taxonomy":"product_brand","embeddable":true,"href":"https:\/\/iptvportugal.fun\/iptv\/wp-json\/wp\/v2\/product_brand?post=3719"},{"taxonomy":"product_cat","embeddable":true,"href":"https:\/\/iptvportugal.fun\/iptv\/wp-json\/wp\/v2\/product_cat?post=3719"},{"taxonomy":"product_tag","embeddable":true,"href":"https:\/\/iptvportugal.fun\/iptv\/wp-json\/wp\/v2\/product_tag?post=3719"}],"curies":[{"name":"wp","href":"https:\/\/api.w.org\/{rel}","templated":true}]}}