{"id":3768,"date":"2025-08-02T13:02:02","date_gmt":"2025-08-02T13:02:02","guid":{"rendered":"https:\/\/iptvportugal.fun\/?post_type=product&#038;p=3768"},"modified":"2025-08-02T13:02:02","modified_gmt":"2025-08-02T13:02:02","slug":"teste-gratuito-iptv","status":"publish","type":"product","link":"https:\/\/iptvportugal.fun\/iptv\/product\/teste-gratuito-iptv\/","title":{"rendered":"Teste gr\u00e1tis de IPTV"},"content":{"rendered":"<p>Ol\u00e1, entusiastas do entretenimento! Melhore a sua experi\u00eancia de visualiza\u00e7\u00e3o com um Teste Gratuito exclusivo de IPTV de 6 horas. Explore uma grande variedade de canais em direto e conte\u00fados on-demand com as \u00faltimas novidades em <a href=\"https:\/\/en.wikipedia.org\/wiki\/Film\">filmes<\/a>, programas de televis\u00e3o, desporto e espet\u00e1culos internacionais \u2014 tudo transmitido em excelente defini\u00e7\u00e3o diretamente para o seu ecr\u00e3. Esta \u00e9 a sua oportunidade de explorar entretenimento de alta qualidade totalmente gr\u00e1tis. N\u00e3o perca! Explore milhares de canais e filmes em direto com o nosso servi\u00e7o<a href=\"https:\/\/iptvportugal.fun\/\"> IPTV gr\u00e1tis<\/a>, dispon\u00edvel sem custos ou compromissos.<\/p>\n<h2>Porqu\u00ea testar o teste gratuito de IPTV?<\/h2>\n<p>O nosso Teste Gr\u00e1tis de IPTV \u00e9 o primeiro passo ideal se procura uma experi\u00eancia de entretenimento completa e imersiva. Desde eventos desportivos emocionantes a s\u00e9ries e document\u00e1rios de grande audi\u00eancia, ter\u00e1 acesso a uma vasta gama de g\u00e9neros. \u00c9 como ter uma noite de cinema em casa todas as noites \u2014 mas sem o custo.<\/p>\n<h3>Benef\u00edcios do teste gratuito<\/h3>\n<p>Com acesso a:<\/p>\n<ul>\n<li><strong>Canais de TV em direto<\/strong>: de not\u00edcias e desporto a conte\u00fados estrangeiros.<\/li>\n<li>Milhares de filmes e programas atuais e famosos s\u00e3o guardados na Biblioteca VOD.<\/li>\n<li><strong>Desportos PPV<\/strong>: Grandes eventos ao vivo \u00e0 sua disposi\u00e7\u00e3o.<\/li>\n<li>Compat\u00edvel com Smart TVs, Fire Stick, Android, iOS e muito mais.<\/li>\n<li>Todo este pacote \u00e9 gratuito, sem contrato, obriga\u00e7\u00e3o ou cart\u00e3o de cr\u00e9dito.<\/li>\n<li>Recursos adicionais que pode consultar<\/li>\n<li>EPG (Electronic Programming Guide): Navegue pelos pr\u00f3ximos programas rapidamente.<\/li>\n<li>Ver resolu\u00e7\u00e3o cristalina com streaming 4K\/UHD.<\/li>\n<li>Compatibilidade com dispositivos: Funciona em tablets, smartphones, Fire Stick, Smart TVs e muito mais.<\/li>\n<li>Servidores constantemente atualizados com assist\u00eancia AntiFreeze para visualiza\u00e7\u00e3o cont\u00ednua, sem tecnologia de congelamento.<\/li>\n<li>Assist\u00eancia durante todo o ano, 24 horas por dia, 7 dias por semana:<\/li>\n<\/ul>\n<h3>Para o seu teste de IPTV, porqu\u00ea escolher o iptvportugal.fun?<\/h3>\n<p>Na <strong>iptvportugal.fun<\/strong>, oferecemos uma experi\u00eancia <strong>IPTV<\/strong> verdadeiramente de elite. Ter\u00e1 uma experi\u00eancia genu\u00edna com o que a IPTV premium tem para oferecer \u2014 gratuitamente \u2014 com mais de 24.000 canais em direto e mais de 93.000 possibilidades de VOD. Sem riscos, explore canais como Sky Sports, ESPN, UEFA, beIN, DAZN e muitos outros. Fa\u00e7a um <strong>IPTV teste<\/strong> sem riscos e experimente um streaming de alta qualidade antes de escolher a sua subscri\u00e7\u00e3o perfeita.<\/p>\n<ul>\n<li>Acesso r\u00e1pido: Inscri\u00e7\u00e3o simples<\/li>\n<li>Come\u00e7ar \u00e9 simples:<\/li>\n<li>Tudo o que precisa \u00e9 de internet e do seu dispositivo; n\u00e3o \u00e9 necess\u00e1rio hardware.<\/li>\n<li>Inscri\u00e7\u00e3o segura: e-mail an\u00f3nimo aceite.<\/li>\n<li>Compatibilidade flex\u00edvel: Sem limites, utilize em v\u00e1rios dispositivos.<\/li>\n<li>Acesso de teste gratuito: Custos iniciais, sem necessidade de informa\u00e7\u00e3o de pagamento.<\/li>\n<\/ul>\n<h3>Considera\u00e7\u00f5es finais<\/h3>\n<p>Este Teste IPTV Gratuito \u00e9 a melhor forma de experimentar um streaming moderno e de alta qualidade, seja para quem est\u00e1 a pesquisar IPTV pela primeira vez ou para quem est\u00e1 a comparar fornecedores. Filmes, desporto ao vivo, s\u00e9ries, conte\u00fados estrangeiros e tudo o resto est\u00e3o reunidos num s\u00f3 lugar, a sua porta de entrada para um entretenimento sem limites.<br \/>\nExperimente j\u00e1 em <strong>iptvportugal.fun<\/strong> e veja porque estamos classificados como um dos melhores fornecedores de <a href=\"https:\/\/iptvportugal.fun\/\">IPTV em Portugal<\/a> e n\u00e3o s\u00f3.<\/p>\n","protected":false},"excerpt":{"rendered":"<p>Ol\u00e1, entusiastas do entretenimento! Melhore a sua experi\u00eancia de visualiza\u00e7\u00e3o com um Teste Gratuito exclusivo de IPTV de 6 horas. [&hellip;]<\/p>\n","protected":false},"featured_media":3776,"comment_status":"open","ping_status":"closed","template":"","meta":{"site-sidebar-layout":"default","site-content-layout":"","ast-site-content-layout":"default","site-content-style":"default","site-sidebar-style":"default","ast-global-header-display":"","ast-banner-title-visibility":"","ast-main-header-display":"","ast-hfb-above-header-display":"","ast-hfb-below-header-display":"","ast-hfb-mobile-header-display":"","site-post-title":"","ast-breadcrumbs-content":"","ast-featured-img":"","footer-sml-layout":"","ast-disable-related-posts":"","theme-transparent-header-meta":"default","adv-header-id-meta":"","stick-header-meta":"","header-above-stick-meta":"","header-main-stick-meta":"","header-below-stick-meta":"","astra-migrate-meta-layouts":"set","ast-page-background-enabled":"default","ast-page-background-meta":{"desktop":{"background-color":"var(--ast-global-color-5)","background-image":"","background-repeat":"repeat","background-position":"center center","background-size":"auto","background-attachment":"scroll","background-type":"","background-media":"","overlay-type":"","overlay-color":"","overlay-opacity":"","overlay-gradient":""},"tablet":{"background-color":"","background-image":"","background-repeat":"repeat","background-position":"center center","background-size":"auto","background-attachment":"scroll","background-type":"","background-media":"","overlay-type":"","overlay-color":"","overlay-opacity":"","overlay-gradient":""},"mobile":{"background-color":"","background-image":"","background-repeat":"repeat","background-position":"center center","background-size":"auto","background-attachment":"scroll","background-type":"","background-media":"","overlay-type":"","overlay-color":"","overlay-opacity":"","overlay-gradient":""}},"ast-content-background-meta":{"desktop":{"background-color":"var(--ast-global-color-4)","background-image":"","background-repeat":"repeat","background-position":"center center","background-size":"auto","background-attachment":"scroll","background-type":"","background-media":"","overlay-type":"","overlay-color":"","overlay-opacity":"","overlay-gradient":""},"tablet":{"background-color":"var(--ast-global-color-4)","background-image":"","background-repeat":"repeat","background-position":"center center","background-size":"auto","background-attachment":"scroll","background-type":"","background-media":"","overlay-type":"","overlay-color":"","overlay-opacity":"","overlay-gradient":""},"mobile":{"background-color":"var(--ast-global-color-4)","background-image":"","background-repeat":"repeat","background-position":"center center","background-size":"auto","background-attachment":"scroll","background-type":"","background-media":"","overlay-type":"","overlay-color":"","overlay-opacity":"","overlay-gradient":""}}},"product_brand":[],"product_cat":[44],"product_tag":[172,173],"class_list":{"0":"post-3768","1":"product","2":"type-product","3":"status-publish","4":"has-post-thumbnail","6":"product_cat-iptv","7":"product_tag-iptv-portugal-gratis","8":"product_tag-streaming-4k-iptv-sem-compromisso","9":"desktop-align-left","10":"tablet-align-left","11":"mobile-align-left","13":"first","14":"instock","15":"shipping-taxable","16":"purchasable","17":"product-type-simple"},"yoast_head":"<!-- This site is optimized with the Yoast SEO plugin v27.3 - https:\/\/yoast.com\/product\/yoast-seo-wordpress\/ -->\n<title>Teste Gratuito IPTV<\/title>\n<meta name=\"description\" content=\"Experience the best in entertainment with our Teste Gratuito IPTV. Enjoy a wide range of channels and discover your new favorite shows today!\" \/>\n<meta name=\"robots\" content=\"index, follow, max-snippet:-1, max-image-preview:large, max-video-preview:-1\" \/>\n<link rel=\"canonical\" href=\"https:\/\/iptvportugal.fun\/iptv\/product\/teste-gratuito-iptv\/\" \/>\n<meta property=\"og:locale\" content=\"en_US\" \/>\n<meta property=\"og:type\" content=\"article\" \/>\n<meta property=\"og:title\" content=\"Teste Gratuito IPTV\" \/>\n<meta property=\"og:description\" content=\"Experience the best in entertainment with our Teste Gratuito IPTV. Enjoy a wide range of channels and discover your new favorite shows today!\" \/>\n<meta property=\"og:url\" content=\"https:\/\/iptvportugal.fun\/iptv\/product\/teste-gratuito-iptv\/\" \/>\n<meta property=\"og:site_name\" content=\"IPTV PORTUGAL\" \/>\n<meta property=\"og:image\" content=\"https:\/\/iptvportugal.fun\/wp-content\/uploads\/2025\/08\/24000-Live-Channels-5.png\" \/>\n\t<meta property=\"og:image:width\" content=\"300\" \/>\n\t<meta property=\"og:image:height\" content=\"300\" \/>\n\t<meta property=\"og:image:type\" content=\"image\/png\" \/>\n<meta name=\"twitter:card\" content=\"summary_large_image\" \/>\n<meta name=\"twitter:label1\" content=\"Est. reading time\" \/>\n\t<meta name=\"twitter:data1\" content=\"3 minutes\" \/>\n<script type=\"application\/ld+json\" class=\"yoast-schema-graph\">{\"@context\":\"https:\\\/\\\/schema.org\",\"@graph\":[{\"@type\":\"WebPage\",\"@id\":\"https:\\\/\\\/iptvportugal.fun\\\/iptv\\\/product\\\/teste-gratuito-iptv\\\/\",\"url\":\"https:\\\/\\\/iptvportugal.fun\\\/iptv\\\/product\\\/teste-gratuito-iptv\\\/\",\"name\":\"Teste Gratuito IPTV\",\"isPartOf\":{\"@id\":\"https:\\\/\\\/iptvportugal.fun\\\/iptv\\\/#website\"},\"primaryImageOfPage\":{\"@id\":\"https:\\\/\\\/iptvportugal.fun\\\/iptv\\\/product\\\/teste-gratuito-iptv\\\/#primaryimage\"},\"image\":{\"@id\":\"https:\\\/\\\/iptvportugal.fun\\\/iptv\\\/product\\\/teste-gratuito-iptv\\\/#primaryimage\"},\"thumbnailUrl\":\"https:\\\/\\\/iptvportugal.fun\\\/wp-content\\\/uploads\\\/2025\\\/08\\\/24000-Live-Channels-5.png\",\"datePublished\":\"2025-08-02T13:02:02+00:00\",\"description\":\"Experience the best in entertainment with our Teste Gratuito IPTV. Enjoy a wide range of channels and discover your new favorite shows today!\",\"breadcrumb\":{\"@id\":\"https:\\\/\\\/iptvportugal.fun\\\/iptv\\\/product\\\/teste-gratuito-iptv\\\/#breadcrumb\"},\"inLanguage\":\"en-US\",\"potentialAction\":[{\"@type\":\"ReadAction\",\"target\":[\"https:\\\/\\\/iptvportugal.fun\\\/iptv\\\/product\\\/teste-gratuito-iptv\\\/\"]}]},{\"@type\":\"ImageObject\",\"inLanguage\":\"en-US\",\"@id\":\"https:\\\/\\\/iptvportugal.fun\\\/iptv\\\/product\\\/teste-gratuito-iptv\\\/#primaryimage\",\"url\":\"https:\\\/\\\/iptvportugal.fun\\\/wp-content\\\/uploads\\\/2025\\\/08\\\/24000-Live-Channels-5.png\",\"contentUrl\":\"https:\\\/\\\/iptvportugal.fun\\\/wp-content\\\/uploads\\\/2025\\\/08\\\/24000-Live-Channels-5.png\",\"width\":300,\"height\":300,\"caption\":\"Teste Gratuito IPTV\"},{\"@type\":\"BreadcrumbList\",\"@id\":\"https:\\\/\\\/iptvportugal.fun\\\/iptv\\\/product\\\/teste-gratuito-iptv\\\/#breadcrumb\",\"itemListElement\":[{\"@type\":\"ListItem\",\"position\":1,\"name\":\"Home\",\"item\":\"https:\\\/\\\/iptvportugal.fun\\\/iptv\\\/\"},{\"@type\":\"ListItem\",\"position\":2,\"name\":\"Shop\",\"item\":\"https:\\\/\\\/iptvportugal.fun\\\/iptv\\\/shop\\\/\"},{\"@type\":\"ListItem\",\"position\":3,\"name\":\"Teste gr\u00e1tis de IPTV\"}]},{\"@type\":\"WebSite\",\"@id\":\"https:\\\/\\\/iptvportugal.fun\\\/iptv\\\/#website\",\"url\":\"https:\\\/\\\/iptvportugal.fun\\\/iptv\\\/\",\"name\":\"IPTV PORTUGAL\",\"description\":\"\",\"publisher\":{\"@id\":\"https:\\\/\\\/iptvportugal.fun\\\/iptv\\\/#organization\"},\"potentialAction\":[{\"@type\":\"SearchAction\",\"target\":{\"@type\":\"EntryPoint\",\"urlTemplate\":\"https:\\\/\\\/iptvportugal.fun\\\/iptv\\\/?s={search_term_string}\"},\"query-input\":{\"@type\":\"PropertyValueSpecification\",\"valueRequired\":true,\"valueName\":\"search_term_string\"}}],\"inLanguage\":\"en-US\"},{\"@type\":\"Organization\",\"@id\":\"https:\\\/\\\/iptvportugal.fun\\\/iptv\\\/#organization\",\"name\":\"IPTV PORTUGAL\",\"url\":\"https:\\\/\\\/iptvportugal.fun\\\/iptv\\\/\",\"logo\":{\"@type\":\"ImageObject\",\"inLanguage\":\"en-US\",\"@id\":\"https:\\\/\\\/iptvportugal.fun\\\/iptv\\\/#\\\/schema\\\/logo\\\/image\\\/\",\"url\":\"https:\\\/\\\/iptvportugal.fun\\\/wp-content\\\/uploads\\\/2025\\\/11\\\/cropped-Portugal.fun-2.png\",\"contentUrl\":\"https:\\\/\\\/iptvportugal.fun\\\/wp-content\\\/uploads\\\/2025\\\/11\\\/cropped-Portugal.fun-2.png\",\"width\":364,\"height\":150,\"caption\":\"IPTV PORTUGAL\"},\"image\":{\"@id\":\"https:\\\/\\\/iptvportugal.fun\\\/iptv\\\/#\\\/schema\\\/logo\\\/image\\\/\"}}]}<\/script>\n<!-- \/ Yoast SEO plugin. -->","yoast_head_json":{"title":"Teste Gratuito IPTV","description":"Experience the best in entertainment with our Teste Gratuito IPTV. Enjoy a wide range of channels and discover your new favorite shows today!","robots":{"index":"index","follow":"follow","max-snippet":"max-snippet:-1","max-image-preview":"max-image-preview:large","max-video-preview":"max-video-preview:-1"},"canonical":"https:\/\/iptvportugal.fun\/iptv\/product\/teste-gratuito-iptv\/","og_locale":"en_US","og_type":"article","og_title":"Teste Gratuito IPTV","og_description":"Experience the best in entertainment with our Teste Gratuito IPTV. Enjoy a wide range of channels and discover your new favorite shows today!","og_url":"https:\/\/iptvportugal.fun\/iptv\/product\/teste-gratuito-iptv\/","og_site_name":"IPTV PORTUGAL","og_image":[{"width":300,"height":300,"url":"https:\/\/iptvportugal.fun\/wp-content\/uploads\/2025\/08\/24000-Live-Channels-5.png","type":"image\/png"}],"twitter_card":"summary_large_image","twitter_misc":{"Est. reading time":"3 minutes"},"schema":{"@context":"https:\/\/schema.org","@graph":[{"@type":"WebPage","@id":"https:\/\/iptvportugal.fun\/iptv\/product\/teste-gratuito-iptv\/","url":"https:\/\/iptvportugal.fun\/iptv\/product\/teste-gratuito-iptv\/","name":"Teste Gratuito IPTV","isPartOf":{"@id":"https:\/\/iptvportugal.fun\/iptv\/#website"},"primaryImageOfPage":{"@id":"https:\/\/iptvportugal.fun\/iptv\/product\/teste-gratuito-iptv\/#primaryimage"},"image":{"@id":"https:\/\/iptvportugal.fun\/iptv\/product\/teste-gratuito-iptv\/#primaryimage"},"thumbnailUrl":"https:\/\/iptvportugal.fun\/wp-content\/uploads\/2025\/08\/24000-Live-Channels-5.png","datePublished":"2025-08-02T13:02:02+00:00","description":"Experience the best in entertainment with our Teste Gratuito IPTV. Enjoy a wide range of channels and discover your new favorite shows today!","breadcrumb":{"@id":"https:\/\/iptvportugal.fun\/iptv\/product\/teste-gratuito-iptv\/#breadcrumb"},"inLanguage":"en-US","potentialAction":[{"@type":"ReadAction","target":["https:\/\/iptvportugal.fun\/iptv\/product\/teste-gratuito-iptv\/"]}]},{"@type":"ImageObject","inLanguage":"en-US","@id":"https:\/\/iptvportugal.fun\/iptv\/product\/teste-gratuito-iptv\/#primaryimage","url":"https:\/\/iptvportugal.fun\/wp-content\/uploads\/2025\/08\/24000-Live-Channels-5.png","contentUrl":"https:\/\/iptvportugal.fun\/wp-content\/uploads\/2025\/08\/24000-Live-Channels-5.png","width":300,"height":300,"caption":"Teste Gratuito IPTV"},{"@type":"BreadcrumbList","@id":"https:\/\/iptvportugal.fun\/iptv\/product\/teste-gratuito-iptv\/#breadcrumb","itemListElement":[{"@type":"ListItem","position":1,"name":"Home","item":"https:\/\/iptvportugal.fun\/iptv\/"},{"@type":"ListItem","position":2,"name":"Shop","item":"https:\/\/iptvportugal.fun\/iptv\/shop\/"},{"@type":"ListItem","position":3,"name":"Teste gr\u00e1tis de IPTV"}]},{"@type":"WebSite","@id":"https:\/\/iptvportugal.fun\/iptv\/#website","url":"https:\/\/iptvportugal.fun\/iptv\/","name":"IPTV PORTUGAL","description":"","publisher":{"@id":"https:\/\/iptvportugal.fun\/iptv\/#organization"},"potentialAction":[{"@type":"SearchAction","target":{"@type":"EntryPoint","urlTemplate":"https:\/\/iptvportugal.fun\/iptv\/?s={search_term_string}"},"query-input":{"@type":"PropertyValueSpecification","valueRequired":true,"valueName":"search_term_string"}}],"inLanguage":"en-US"},{"@type":"Organization","@id":"https:\/\/iptvportugal.fun\/iptv\/#organization","name":"IPTV PORTUGAL","url":"https:\/\/iptvportugal.fun\/iptv\/","logo":{"@type":"ImageObject","inLanguage":"en-US","@id":"https:\/\/iptvportugal.fun\/iptv\/#\/schema\/logo\/image\/","url":"https:\/\/iptvportugal.fun\/wp-content\/uploads\/2025\/11\/cropped-Portugal.fun-2.png","contentUrl":"https:\/\/iptvportugal.fun\/wp-content\/uploads\/2025\/11\/cropped-Portugal.fun-2.png","width":364,"height":150,"caption":"IPTV PORTUGAL"},"image":{"@id":"https:\/\/iptvportugal.fun\/iptv\/#\/schema\/logo\/image\/"}}]}},"_links":{"self":[{"href":"https:\/\/iptvportugal.fun\/iptv\/wp-json\/wp\/v2\/product\/3768","targetHints":{"allow":["GET"]}}],"collection":[{"href":"https:\/\/iptvportugal.fun\/iptv\/wp-json\/wp\/v2\/product"}],"about":[{"href":"https:\/\/iptvportugal.fun\/iptv\/wp-json\/wp\/v2\/types\/product"}],"replies":[{"embeddable":true,"href":"https:\/\/iptvportugal.fun\/iptv\/wp-json\/wp\/v2\/comments?post=3768"}],"wp:featuredmedia":[{"embeddable":true,"href":"https:\/\/iptvportugal.fun\/iptv\/wp-json\/wp\/v2\/media\/3776"}],"wp:attachment":[{"href":"https:\/\/iptvportugal.fun\/iptv\/wp-json\/wp\/v2\/media?parent=3768"}],"wp:term":[{"taxonomy":"product_brand","embeddable":true,"href":"https:\/\/iptvportugal.fun\/iptv\/wp-json\/wp\/v2\/product_brand?post=3768"},{"taxonomy":"product_cat","embeddable":true,"href":"https:\/\/iptvportugal.fun\/iptv\/wp-json\/wp\/v2\/product_cat?post=3768"},{"taxonomy":"product_tag","embeddable":true,"href":"https:\/\/iptvportugal.fun\/iptv\/wp-json\/wp\/v2\/product_tag?post=3768"}],"curies":[{"name":"wp","href":"https:\/\/api.w.org\/{rel}","templated":true}]}}